{"id":7668,"date":"2024-06-09T17:14:09","date_gmt":"2024-06-09T15:14:09","guid":{"rendered":"https:\/\/ferraramusica.it\/?page_id=7668"},"modified":"2024-08-19T16:14:19","modified_gmt":"2024-08-19T14:14:19","slug":"2024-2025-season","status":"publish","type":"page","link":"https:\/\/ferraramusica.it\/en\/2024-2025-season\/","title":{"rendered":"2024\/2025 Season"},"content":{"rendered":"\n<div class=\"wp-block-columns is-layout-flex wp-container-3\">\n<div class=\"wp-block-column is-layout-flow\" style=\"flex-basis:66.66%\">\n<p class=\"has-xl-font-size\">The 2024\/2025 programme features nine symphonic concerts, including the closing concert of the <strong>Orchestra Mozart<\/strong>&#8216;s three-year residency with <strong>Daniele Gatti<\/strong>. Additionally, the season features exciting <strong>chamber music performances<\/strong> as well as <strong>piano recitals<\/strong> by <strong>renowned artists<\/strong>, alongside <a rel=\"noreferrer noopener\" href=\"https:\/\/ferraramusica.it\/en\/frescobaldi-day\/\" target=\"_blank\">events dedicated to celebrating Ferrarese composer Girolamo Frescobaldi<\/a>.<\/p>\n\n\n\n<p class=\"has-femu-venetian-red-color has-text-color has-large-font-size\"><strong><a rel=\"noreferrer noopener\" href=\"https:\/\/ferraramusica.it\/en\/calendario\/?fmseason=167\" target=\"_blank\"><span style=\"text-decoration: underline;\">Go to the calendar<\/span><\/a> <mark style=\"background-color:rgba(0, 0, 0, 0);color:#c00d0d\" class=\"has-inline-color\">o<\/mark>r <a href=\"https:\/\/ferraramusica.it\/app\/uploads\/2024\/08\/libretto-stagione-24-25-4ed.pdf\" target=\"_blank\" rel=\"noreferrer noopener\"><span style=\"text-decoration: underline;\">download the pdf programme (IT only)<\/span><\/a><\/strong><\/p>\n\n\n\n<p class=\"has-medium-font-size\">\u2192 <strong><a rel=\"noreferrer noopener\" href=\"https:\/\/ferraramusica.it\/en\/season-tickets\/\" target=\"_blank\">click here<\/a> <\/strong>for information about season tickets<br>\u2192 <strong><a rel=\"noreferrer noopener\" href=\"https:\/\/ferraramusica.it\/en\/tickets\/\" target=\"_blank\">click here<\/a> <\/strong>for information about tickets<\/p>\n\n\n\n<p class=\"has-xl-font-size\"><em>\u00abI try and envision a diverse array of listeners: one has a special passion for chamber music and, glancing at our program, notices \u2013 with satisfaction, I imagine \u2013 the concert by the Quartetto Prometeo featuring Bart\u00f3k&#8217;s String Quartet No. 4, and then the one by the Trio di Parma, which turns itself into a quartet to perform two masterpieces of the Romantic &#8220;Musizieren&#8221; like the two Piano Quartets Op. 25 and Op. 60 by Brahms, and finally experiences a thrill of enthusiasm at the idea of listening to Ravel&#8217;s Trio played by Enrico Dindo and his friends. <br>There would be much more to highlight in that spiritual category par excellence that is great chamber music, but even more exciting is the wait for the piano recital enthusiast who no doubt looks forward to listening to the young talents of Gile Bae, Roberto Giordano and Filippo Gorini and then to Martha Argerich, Maria Jo\u00e3o Pires and Andrea Lucchesini.<br>The symphony enthusiast is spoilt for choice: they certainly cannot miss Beethoven&#8217;s Ninth with Daniele Gatti, &#8220;The Rite of Spring&#8221; with Orozco-Estrada, Vivaldi&#8217;s music conducted by Jordi Savall, Dvo\u0159\u00e1k&#8217;s Eighth conducted by Ivan Fischer and the &#8220;Pictures at an Exhibition&#8221; conducted by Charles Dutoit, who will also have Martha Argerich by his side for Ravel&#8217;s Piano Concerto in G major. <br>As they continue browsing the programme, our enthusiast, with whom I identify more and more, realises that they absolutely cannot miss listening to the harpsichord playing Frescobaldi and Bach in the Salone dei Mesi of Palazzo Schifanoia, and that just as unmissable will be the great concert with the Ferrarese musicians and singers who will perform Stravinsky&#8217;s &#8220;Mass&#8221; and Couperin&#8217;s &#8220;Le\u00e7ons de t\u00e9n\u00e8bres&#8221; in the Church of San Paolo.<br>At this point, my identification with the listeners is total, and as I cannot bring myself to choose one among these exciting concerts, together with them I repeat the words uttered by Duke Orsino at the beginning of &#8220;Twelfth Night&#8221;: &#8220;If music be the food of love, play on, Give me excess of it\u2026&#8221;<br>\u2013Enzo Restagno, Artistic Director<\/em><\/p>\n\n\n\n<div style=\"height:20px\" aria-hidden=\"true\" class=\"wp-block-spacer\"><\/div>\n\n\n\n<figure class=\"wp-block-image\"><img decoding=\"async\" src=\"https:\/\/ferraramusica.it\/app\/uploads\/2023\/06\/C_Marco_Caselli_Nirmal_Ferrara_Musica_YC119_1935-1024x683.jpg\" alt=\"Questa immagine ha l'attributo alt vuoto; il nome del file \u00e8 C_Marco_Caselli_Nirmal_Ferrara_Musica_YC119_1935-1024x683.jpg\"\/><\/figure>\n\n\n\n<p>\u00a9 Marco Caselli Nirmal<\/p>\n<\/div>\n\n\n\n<div class=\"wp-block-column is-layout-flow\" style=\"flex-basis:33.33%\"><\/div>\n<\/div>\n\n\n\n<div style=\"height:20px\" aria-hidden=\"true\" class=\"wp-block-spacer\"><\/div>\n","protected":false},"excerpt":{"rendered":"<p>The 2024\/2025 programme features nine symphonic concerts, including the closing concert of the Orchestra Mozart&#8216;s three-year residency with Daniele Gatti&#8230;.<\/p>\n","protected":false},"author":4,"featured_media":0,"parent":0,"menu_order":0,"comment_status":"closed","ping_status":"closed","template":"","meta":[],"acf":[],"_links":{"self":[{"href":"https:\/\/ferraramusica.it\/en\/wp-json\/wp\/v2\/pages\/7668"}],"collection":[{"href":"https:\/\/ferraramusica.it\/en\/wp-json\/wp\/v2\/pages"}],"about":[{"href":"https:\/\/ferraramusica.it\/en\/wp-json\/wp\/v2\/types\/page"}],"author":[{"embeddable":true,"href":"https:\/\/ferraramusica.it\/en\/wp-json\/wp\/v2\/users\/4"}],"replies":[{"embeddable":true,"href":"https:\/\/ferraramusica.it\/en\/wp-json\/wp\/v2\/comments?post=7668"}],"version-history":[{"count":3,"href":"https:\/\/ferraramusica.it\/en\/wp-json\/wp\/v2\/pages\/7668\/revisions"}],"predecessor-version":[{"id":7750,"href":"https:\/\/ferraramusica.it\/en\/wp-json\/wp\/v2\/pages\/7668\/revisions\/7750"}],"wp:attachment":[{"href":"https:\/\/ferraramusica.it\/en\/wp-json\/wp\/v2\/media?parent=7668"}],"curies":[{"name":"wp","href":"https:\/\/api.w.org\/{rel}","templated":true}]}}